{"id":289,"date":"2023-12-04T13:33:25","date_gmt":"2023-12-04T12:33:25","guid":{"rendered":"https:\/\/www.alva-food.com\/?page_id=289"},"modified":"2023-12-06T12:27:38","modified_gmt":"2023-12-06T11:27:38","slug":"legal-mentions","status":"publish","type":"page","link":"https:\/\/www.alva-food.com\/en\/legal-mentions\/","title":{"rendered":"Legal mentions"},"content":{"rendered":"<p class=\"lead\">Legal Information and Terms of Use for the www.alva-food.com Website<br \/>\nThe current online version of these Terms of Use is the only binding version during website use, until it is replaced with an updated version.<\/p>\n<h2>Article 1 \u2013 Legal Information<\/h2>\n<h3>1.1<\/h3>\n<p>Website: www.alva-food.com<\/p>\n<p>Editor: ALVA, French soci\u00e9t\u00e9 par actions simplifi\u00e9e (simplified joint-stock company) with a share capital of 2,704,620 euros, whose Headquarters are located at 3 Rue des Chevaliers, 44400 Rez\u00e9, France. It is registered with the Nantes Trade and Companies Register. The company\u2019s SIREN code is 441 940 905 and it is represented by Herv\u00e9 Collet in his role as president. Telephone:<br \/>\n02 40 13 81 30<br \/>\n; E-mail address: contact@alva-food.com . Publication Director: Herv\u00e9 Collet.<\/p>\n<h3>1.3<\/h3>\n<p>Design and building:<\/p>\n<p>The website constitutes a work created by REZO Communication, as defined by articles L111.1 et seq. of the French Intellectual Property Code.<\/p>\n<h3>1.4<\/h3>\n<p>Host: OVH, whose head office is situated at 2 Rue Kellermann, 59100 Roubaix, France.<\/p>\n<h2>Article 2 \u2013 Access to the Website<\/h2>\n<p>Access to the website and its use is reserved for strictly personal purposes. The user agrees not to use this website and the information or data contained within it for commercial, political or advertising means, for any form of commercial solicitation, and in particular for sending unsolicited electronic mail.<\/p>\n<h2>Article 3 \u2013 Site Content<\/h2>\n<p>The following are protected under current intellectual property laws: all trademarks, photographs, texts, comments, illustrations, animated or non-animated images, video sequences, sounds, all computer applications which could be used to make the website work and more generally, all the elements displayed or used on the website.<\/p>\n<p>They are under full ownership of the editor or their partners. Any reproduction, representation, use or adaptation in any form whatsoever of all or part of these elements, including computer applications, is strictly forbidden without prior written agreement from the editor. The editor\u2019s decision not to bring legal proceedings once unauthorised use becomes apparent does not constitute an acceptance of said use or a waiver of prosecution.<\/p>\n<h2>Article 4 \u2013 Site management<\/h2>\n<p>In order to manage the website effectively, the editor may at any time:<\/p>\n<ul>\n<li>suspend, interrupt or limit access to all or part of the website, or access to the whole website or certain parts of it for a specified internet-user category;<\/li>\n<li>delete any information which could disrupt the operation of the site, or which could violate national and international laws or the Core Rules of Netiquette;<\/li>\n<li>suspend the website in order to perform updates.<\/li>\n<\/ul>\n<h2>Article 5 \u2013 Responsibilities<\/h2>\n<p>The editor cannot be held responsible in case of difficulty, fault, failure, or interruption of website operation, which prevents access to the website or one of its functionalities.<\/p>\n<p>The hardware which the user employs to access the site is entirely their own responsibility. The user should take all appropriate measures to protect their hardware and data, particularly from virus attacks. Users alone are responsible for the websites and data that they consult.<\/p>\n<p>The editor cannot be held responsible in the case of legal proceedings brought against the user:<\/p>\n<ul>\n<li>as a result of using the website or any service accessible via the Internet;<\/li>\n<li>as a result of the user\u2019s disregard for these general terms.<\/li>\n<\/ul>\n<p>The editor is not responsible for any damages caused to the user, third parties and\/or the user\u2019s hardware as a result of their connection to or use of the website. The user hereby waives the possibility of taking any action against the editor for this.<\/p>\n<p>If the editor should be involved in an out-of-court or judicial procedure owing to the user\u2019s use of the website, it may be turned against the user in order to obtain compensation for all damages, sums, convictions and expenses which could result from this procedure.<\/p>\n<h2>Article 6 \u2013 Hyperlinks<\/h2>\n<p>The user\u2019s creation of hyperlinks to all or part of the website is strictly forbidden without prior written authorisation from the editor, which can be requested by writing to the following address: 3 Rue des Chevaliers, 44 400 Rez\u00e9, France.<\/p>\n<p>The editor is free to refuse this authorisation without having to justify his decision in any way whatsoever. If authorisation is granted by the editor, it is always only on a temporary basis, and may be withdrawn at any time, without any obligation from the editor to justify this.<\/p>\n<p>Regardless, any links should be withdrawn upon the editor\u2019s simple request.<\/p>\n<p>Any information accessible via a link to other websites is not under the editor\u2019s control. The editor accepts no responsibility for external content.<\/p>\n<h2>Article 7 \u2013 Collection of Data<\/h2>\n<p>The personal data that can be gathered by the website are primarily used by the editor for user relationship management and to process the user\u2019s orders, if required. The data are saved in the editor\u2019s clients file which, being created from personal data, is declared to the CNIL (French Data Protection Agency).<\/p>\n<p>In accordance with the provisions of the amended French Law no. 78-17 dated 6 January 1978, relating to Information Technology, Files and Civil Liberties, the user has the right to access, query, modify and delete any information about them, which can be requested from the site editor at any time, either directly through the website under the heading, \u201cContact Us\u201d, or by post at the following address: 3 Rue des Chevaliers, 44 400 Rez\u00e9, France, or by e-mail at the following address: contact@alva-food.com<\/p>\n<p>For security reasons and to avoid any fraudulent requests, this request should be accompanied by proof of identity. After the request has been processed, this proof of identity will be destroyed.<\/p>\n<p>The information gathered may potentially be transferred to third parties who are contractually associated with the editor, without the user\u2019s authorisation, for the performance of subcontracted tasks required for managing the user\u2019s account. In the event of a known breach of legal or regulatory provisions, this information may be communicated at the express, legitimate request of legal authorities.<\/p>\n<p>When certain information is required for accessing specific functionalities of the website, the editor will indicate its mandatory nature upon data entry by the user.<\/p>\n<h2>Article 8 \u2013 Cookies<\/h2>\n<p>All information collected indirectly will only be used to monitor the volume, type and configuration of the website\u2019s traffic in order to develop the website\u2019s design and layout. It will also be used for other administrative and planning purposes, and more generally to improve the service that we offer.<\/p>\n<h2>Article 9 \u2013 Photographs and Representation of Products<\/h2>\n<p>Photographs of products which accompany their description are not contractual or binding on the editor.<\/p>\n<h2>Article 10 \u2013 Applicable Law<\/h2>\n<p>The website\u2019s current terms of use are governed by French law, and are subject to jurisdiction of the courts of Nantes, France, subject to specific special jurisdiction arising from legislative texts or a specific regulatory framework.<\/p>\n<h2>Article 11 \u2013 Contact Us<\/h2>\n<p>If you require information or have any questions about the products displayed on the website, or about the website itself, please leave a message at the following address: contact@alva-food.com<\/p>\n","protected":false},"excerpt":{"rendered":"<p>Legal Information and Terms of Use for the www.alva-food.com Website The current online version of these Terms of Use is the only binding version during website use, until it is replaced with an updated version. Article 1 \u2013 Legal Information 1.1 Website: www.alva-food.com Editor: ALVA, French soci\u00e9t\u00e9 par actions simplifi\u00e9e (simplified joint-stock company) with a&#8230;  <a href=\"https:\/\/www.alva-food.com\/en\/legal-mentions\/\" class=\"more-link\" title=\"Read Legal mentions\">Read more &raquo;<\/a><\/p>\n","protected":false},"author":1,"featured_media":0,"parent":0,"menu_order":0,"comment_status":"closed","ping_status":"closed","template":"","meta":{"footnotes":""},"class_list":["post-289","page","type-page","status-publish","hentry"],"acf":[],"aioseo_notices":[],"_links":{"self":[{"href":"https:\/\/www.alva-food.com\/en\/wp-json\/wp\/v2\/pages\/289"}],"collection":[{"href":"https:\/\/www.alva-food.com\/en\/wp-json\/wp\/v2\/pages"}],"about":[{"href":"https:\/\/www.alva-food.com\/en\/wp-json\/wp\/v2\/types\/page"}],"author":[{"embeddable":true,"href":"https:\/\/www.alva-food.com\/en\/wp-json\/wp\/v2\/users\/1"}],"replies":[{"embeddable":true,"href":"https:\/\/www.alva-food.com\/en\/wp-json\/wp\/v2\/comments?post=289"}],"version-history":[{"count":3,"href":"https:\/\/www.alva-food.com\/en\/wp-json\/wp\/v2\/pages\/289\/revisions"}],"predecessor-version":[{"id":307,"href":"https:\/\/www.alva-food.com\/en\/wp-json\/wp\/v2\/pages\/289\/revisions\/307"}],"wp:attachment":[{"href":"https:\/\/www.alva-food.com\/en\/wp-json\/wp\/v2\/media?parent=289"}],"curies":[{"name":"wp","href":"https:\/\/api.w.org\/{rel}","templated":true}]}}